{"id":27566,"date":"2023-10-05T13:49:25","date_gmt":"2023-10-05T11:49:25","guid":{"rendered":"https:\/\/www.istitutosvizzero.it\/?page_id=27566"},"modified":"2024-12-18T11:53:11","modified_gmt":"2024-12-18T10:53:11","slug":"blog","status":"publish","type":"page","link":"https:\/\/www.istitutosvizzero.it\/de\/blog\/","title":{"rendered":"Blog"},"content":{"rendered":"<p class=\"qtranxs-available-languages-message qtranxs-available-languages-message-de\">Leider ist der Eintrag nur auf <a href=\"https:\/\/www.istitutosvizzero.it\/en\/wp-json\/wp\/v2\/pages\/27566\" class=\"qtranxs-available-language-link qtranxs-available-language-link-en\" title=\"EN\">Amerikanisches Englisch<\/a> und <a href=\"https:\/\/www.istitutosvizzero.it\/it\/wp-json\/wp\/v2\/pages\/27566\" class=\"qtranxs-available-language-link qtranxs-available-language-link-it\" title=\"IT\">Italienisch<\/a> verf\u00fcgbar. Der Inhalt wird in der Standard-Sprache dieser Website angezeigt. Sie k\u00f6nnen einen Link anklicken, um zu einer anderen verf\u00fcgbaren Sprache zu wechseln.<\/p><p>Istituto Svizzero invites Fellows and Senior Fellows to connect with the public during their time in Rome, Milan, or Palermo, offering a unique glimpse into the evolution of their practice and research. Through a series of questions, the public gain insights into the Fellows&#8216; ideas, projects, and works.<\/p>","protected":false},"excerpt":{"rendered":"<p>Leider ist der Eintrag nur auf Amerikanisches Englisch und Italienisch verf\u00fcgbar. Der Inhalt wird in der Standard-Sprache dieser Website angezeigt. Sie k\u00f6nnen einen Link anklicken, um zu einer anderen verf\u00fcgbaren Sprache zu wechseln.Istituto Svizzero invites Fellows and Senior Fellows to connect with the public during their time in Rome, Milan, or Palermo, offering a unique &hellip; <a href=\"https:\/\/www.istitutosvizzero.it\/de\/blog\/\" class=\"more-link\">Continue reading<span class=\"screen-reader-text\"> &#8222;Blog&#8220;<\/span><\/a><\/p>\n","protected":false},"author":1,"featured_media":0,"parent":0,"menu_order":0,"comment_status":"closed","ping_status":"closed","template":"template-parts\/blog.php","meta":{"inline_featured_image":false},"acf":[],"aioseo_notices":[],"_links":{"self":[{"href":"https:\/\/www.istitutosvizzero.it\/de\/wp-json\/wp\/v2\/pages\/27566"}],"collection":[{"href":"https:\/\/www.istitutosvizzero.it\/de\/wp-json\/wp\/v2\/pages"}],"about":[{"href":"https:\/\/www.istitutosvizzero.it\/de\/wp-json\/wp\/v2\/types\/page"}],"author":[{"embeddable":true,"href":"https:\/\/www.istitutosvizzero.it\/de\/wp-json\/wp\/v2\/users\/1"}],"replies":[{"embeddable":true,"href":"https:\/\/www.istitutosvizzero.it\/de\/wp-json\/wp\/v2\/comments?post=27566"}],"version-history":[{"count":14,"href":"https:\/\/www.istitutosvizzero.it\/de\/wp-json\/wp\/v2\/pages\/27566\/revisions"}],"predecessor-version":[{"id":33287,"href":"https:\/\/www.istitutosvizzero.it\/de\/wp-json\/wp\/v2\/pages\/27566\/revisions\/33287"}],"wp:attachment":[{"href":"https:\/\/www.istitutosvizzero.it\/de\/wp-json\/wp\/v2\/media?parent=27566"}],"curies":[{"name":"wp","href":"https:\/\/api.w.org\/{rel}","templated":true}]}}